{"id":1148,"date":"2023-11-20T12:15:48","date_gmt":"2023-11-20T12:15:48","guid":{"rendered":"https:\/\/bajnokcenter.citynetx.hu\/?page_id=1148"},"modified":"2024-08-26T07:14:51","modified_gmt":"2024-08-26T07:14:51","slug":"rolunk","status":"publish","type":"page","link":"https:\/\/bajnokcenter.citynetx.hu\/index.php\/rolunk\/","title":{"rendered":"R\u00f3lunk"},"content":{"rendered":"\n<p>Tisztelettel figyelm\u00e9be aj\u00e1nlom a Bajnok Center Irodah\u00e1zat, amely a 6. ker\u00fcletben a Kod\u00e1ly K\u00f6r\u00f6nd \u00e9s a WestEnd k\u00f6zel\u00e9ben tal\u00e1lhat\u00f3. Lehet\u0151s\u00e9g van b\u00e9rl\u0151ink sz\u00e1m\u00e1ra a 6. emeleten kialak\u00edtott 130 m2-es konferenciaterem haszn\u00e1lat\u00e1ra is ahol c\u00e9ges rendezv\u00e9nyeket vagy k\u00e9pz\u00e9seket, prezent\u00e1ci\u00f3kat lehet tartani. Az irodah\u00e1z k\u00e9tszintes m\u00e9lygar\u00e1zzsal is rendelkezik. K\u00e9t metro meg\u00e1ll\u00f3 is van az irodah\u00e1z k\u00f6zvetlen k\u00f6zel\u00e9ben Az irodah\u00e1z kialak\u00edt\u00e1sa lehet\u0151v\u00e9 teszi, hogy szinte minden iroda term\u00e9szetes f\u00e9ny kapjon. A szoba kialak\u00edt\u00e1s rugalmas, a b\u00e9rl\u0151i ig\u00e9nyek maxim\u00e1lis figyelembe v\u00e9tel\u00e9vel alak\u00edtjuk \u00e1t, ha sz\u00fcks\u00e9ges.<\/p>\n","protected":false},"excerpt":{"rendered":"<p>Tisztelettel figyelm\u00e9be aj\u00e1nlom a Bajnok Center Irodah\u00e1zat, amely a 6. ker\u00fcletben a Kod\u00e1ly K\u00f6r\u00f6nd \u00e9s a WestEnd k\u00f6zel\u00e9ben tal\u00e1lhat\u00f3. Lehet\u0151s\u00e9g van b\u00e9rl\u0151ink sz\u00e1m\u00e1ra a 6. emeleten kialak\u00edtott 130 m2-es konferenciaterem haszn\u00e1lat\u00e1ra is ahol c\u00e9ges rendezv\u00e9nyeket vagy k\u00e9pz\u00e9seket, prezent\u00e1ci\u00f3kat lehet tartani. Az irodah\u00e1z k\u00e9tszintes m\u00e9lygar\u00e1zzsal is rendelkezik. K\u00e9t metro meg\u00e1ll\u00f3 is van az irodah\u00e1z k\u00f6zvetlen k\u00f6zel\u00e9ben [&hellip;]<\/p>\n","protected":false},"author":2,"featured_media":1059,"parent":0,"menu_order":0,"comment_status":"closed","ping_status":"closed","template":"","meta":{"footnotes":""},"class_list":["post-1148","page","type-page","status-publish","has-post-thumbnail","czr-hentry"],"yoast_head":"<!-- This site is optimized with the Yoast SEO plugin v27.3 - https:\/\/yoast.com\/product\/yoast-seo-wordpress\/ -->\n<title>R\u00f3lunk - Bajnok Center Irodah\u00e1z<\/title>\n<meta name=\"robots\" content=\"noindex, follow, max-snippet:-1, max-image-preview:large, max-video-preview:-1\" \/>\n<meta property=\"og:locale\" content=\"hu_HU\" \/>\n<meta property=\"og:type\" content=\"article\" \/>\n<meta property=\"og:title\" content=\"R\u00f3lunk - Bajnok Center Irodah\u00e1z\" \/>\n<meta property=\"og:description\" content=\"Tisztelettel figyelm\u00e9be aj\u00e1nlom a Bajnok Center Irodah\u00e1zat, amely a 6. ker\u00fcletben a Kod\u00e1ly K\u00f6r\u00f6nd \u00e9s a WestEnd k\u00f6zel\u00e9ben tal\u00e1lhat\u00f3. Lehet\u0151s\u00e9g van b\u00e9rl\u0151ink sz\u00e1m\u00e1ra a 6. emeleten kialak\u00edtott 130 m2-es konferenciaterem haszn\u00e1lat\u00e1ra is ahol c\u00e9ges rendezv\u00e9nyeket vagy k\u00e9pz\u00e9seket, prezent\u00e1ci\u00f3kat lehet tartani. Az irodah\u00e1z k\u00e9tszintes m\u00e9lygar\u00e1zzsal is rendelkezik. K\u00e9t metro meg\u00e1ll\u00f3 is van az irodah\u00e1z k\u00f6zvetlen k\u00f6zel\u00e9ben [&hellip;]\" \/>\n<meta property=\"og:url\" content=\"https:\/\/bajnokcenter.citynetx.hu\/index.php\/rolunk\/\" \/>\n<meta property=\"og:site_name\" content=\"Bajnok Center Irodah\u00e1z\" \/>\n<meta property=\"article:modified_time\" content=\"2024-08-26T07:14:51+00:00\" \/>\n<meta property=\"og:image\" content=\"https:\/\/bajnokcenter.citynetx.hu\/wp-content\/uploads\/2022\/11\/IMG_9326.jpg\" \/>\n\t<meta property=\"og:image:width\" content=\"667\" \/>\n\t<meta property=\"og:image:height\" content=\"1000\" \/>\n\t<meta property=\"og:image:type\" content=\"image\/jpeg\" \/>\n<meta name=\"twitter:card\" content=\"summary_large_image\" \/>\n<meta name=\"twitter:label1\" content=\"Becs\u00fclt olvas\u00e1si id\u0151\" \/>\n\t<meta name=\"twitter:data1\" content=\"1 perc\" \/>\n<script type=\"application\/ld+json\" class=\"yoast-schema-graph\">{\"@context\":\"https:\\\/\\\/schema.org\",\"@graph\":[{\"@type\":\"WebPage\",\"@id\":\"https:\\\/\\\/bajnokcenter.citynetx.hu\\\/index.php\\\/rolunk\\\/\",\"url\":\"https:\\\/\\\/bajnokcenter.citynetx.hu\\\/index.php\\\/rolunk\\\/\",\"name\":\"R\u00f3lunk - Bajnok Center Irodah\u00e1z\",\"isPartOf\":{\"@id\":\"https:\\\/\\\/bajnokcenter.citynetx.hu\\\/#website\"},\"primaryImageOfPage\":{\"@id\":\"https:\\\/\\\/bajnokcenter.citynetx.hu\\\/index.php\\\/rolunk\\\/#primaryimage\"},\"image\":{\"@id\":\"https:\\\/\\\/bajnokcenter.citynetx.hu\\\/index.php\\\/rolunk\\\/#primaryimage\"},\"thumbnailUrl\":\"https:\\\/\\\/bajnokcenter.citynetx.hu\\\/wp-content\\\/uploads\\\/2022\\\/11\\\/IMG_9326.jpg\",\"datePublished\":\"2023-11-20T12:15:48+00:00\",\"dateModified\":\"2024-08-26T07:14:51+00:00\",\"breadcrumb\":{\"@id\":\"https:\\\/\\\/bajnokcenter.citynetx.hu\\\/index.php\\\/rolunk\\\/#breadcrumb\"},\"inLanguage\":\"hu\",\"potentialAction\":[{\"@type\":\"ReadAction\",\"target\":[\"https:\\\/\\\/bajnokcenter.citynetx.hu\\\/index.php\\\/rolunk\\\/\"]}]},{\"@type\":\"ImageObject\",\"inLanguage\":\"hu\",\"@id\":\"https:\\\/\\\/bajnokcenter.citynetx.hu\\\/index.php\\\/rolunk\\\/#primaryimage\",\"url\":\"https:\\\/\\\/bajnokcenter.citynetx.hu\\\/wp-content\\\/uploads\\\/2022\\\/11\\\/IMG_9326.jpg\",\"contentUrl\":\"https:\\\/\\\/bajnokcenter.citynetx.hu\\\/wp-content\\\/uploads\\\/2022\\\/11\\\/IMG_9326.jpg\",\"width\":667,\"height\":1000},{\"@type\":\"BreadcrumbList\",\"@id\":\"https:\\\/\\\/bajnokcenter.citynetx.hu\\\/index.php\\\/rolunk\\\/#breadcrumb\",\"itemListElement\":[{\"@type\":\"ListItem\",\"position\":1,\"name\":\"Kezd\u0151lap\",\"item\":\"https:\\\/\\\/bajnokcenter.citynetx.hu\\\/\"},{\"@type\":\"ListItem\",\"position\":2,\"name\":\"R\u00f3lunk\"}]},{\"@type\":\"WebSite\",\"@id\":\"https:\\\/\\\/bajnokcenter.citynetx.hu\\\/#website\",\"url\":\"https:\\\/\\\/bajnokcenter.citynetx.hu\\\/\",\"name\":\"Bajnok Center Irodah\u00e1z\",\"description\":\"Bajnok utca 13.\",\"potentialAction\":[{\"@type\":\"SearchAction\",\"target\":{\"@type\":\"EntryPoint\",\"urlTemplate\":\"https:\\\/\\\/bajnokcenter.citynetx.hu\\\/?s={search_term_string}\"},\"query-input\":{\"@type\":\"PropertyValueSpecification\",\"valueRequired\":true,\"valueName\":\"search_term_string\"}}],\"inLanguage\":\"hu\"}]}<\/script>\n<!-- \/ Yoast SEO plugin. -->","yoast_head_json":{"title":"R\u00f3lunk - Bajnok Center Irodah\u00e1z","robots":{"index":"noindex","follow":"follow","max-snippet":"max-snippet:-1","max-image-preview":"max-image-preview:large","max-video-preview":"max-video-preview:-1"},"og_locale":"hu_HU","og_type":"article","og_title":"R\u00f3lunk - Bajnok Center Irodah\u00e1z","og_description":"Tisztelettel figyelm\u00e9be aj\u00e1nlom a Bajnok Center Irodah\u00e1zat, amely a 6. ker\u00fcletben a Kod\u00e1ly K\u00f6r\u00f6nd \u00e9s a WestEnd k\u00f6zel\u00e9ben tal\u00e1lhat\u00f3. Lehet\u0151s\u00e9g van b\u00e9rl\u0151ink sz\u00e1m\u00e1ra a 6. emeleten kialak\u00edtott 130 m2-es konferenciaterem haszn\u00e1lat\u00e1ra is ahol c\u00e9ges rendezv\u00e9nyeket vagy k\u00e9pz\u00e9seket, prezent\u00e1ci\u00f3kat lehet tartani. Az irodah\u00e1z k\u00e9tszintes m\u00e9lygar\u00e1zzsal is rendelkezik. K\u00e9t metro meg\u00e1ll\u00f3 is van az irodah\u00e1z k\u00f6zvetlen k\u00f6zel\u00e9ben [&hellip;]","og_url":"https:\/\/bajnokcenter.citynetx.hu\/index.php\/rolunk\/","og_site_name":"Bajnok Center Irodah\u00e1z","article_modified_time":"2024-08-26T07:14:51+00:00","og_image":[{"width":667,"height":1000,"url":"https:\/\/bajnokcenter.citynetx.hu\/wp-content\/uploads\/2022\/11\/IMG_9326.jpg","type":"image\/jpeg"}],"twitter_card":"summary_large_image","twitter_misc":{"Becs\u00fclt olvas\u00e1si id\u0151":"1 perc"},"schema":{"@context":"https:\/\/schema.org","@graph":[{"@type":"WebPage","@id":"https:\/\/bajnokcenter.citynetx.hu\/index.php\/rolunk\/","url":"https:\/\/bajnokcenter.citynetx.hu\/index.php\/rolunk\/","name":"R\u00f3lunk - Bajnok Center Irodah\u00e1z","isPartOf":{"@id":"https:\/\/bajnokcenter.citynetx.hu\/#website"},"primaryImageOfPage":{"@id":"https:\/\/bajnokcenter.citynetx.hu\/index.php\/rolunk\/#primaryimage"},"image":{"@id":"https:\/\/bajnokcenter.citynetx.hu\/index.php\/rolunk\/#primaryimage"},"thumbnailUrl":"https:\/\/bajnokcenter.citynetx.hu\/wp-content\/uploads\/2022\/11\/IMG_9326.jpg","datePublished":"2023-11-20T12:15:48+00:00","dateModified":"2024-08-26T07:14:51+00:00","breadcrumb":{"@id":"https:\/\/bajnokcenter.citynetx.hu\/index.php\/rolunk\/#breadcrumb"},"inLanguage":"hu","potentialAction":[{"@type":"ReadAction","target":["https:\/\/bajnokcenter.citynetx.hu\/index.php\/rolunk\/"]}]},{"@type":"ImageObject","inLanguage":"hu","@id":"https:\/\/bajnokcenter.citynetx.hu\/index.php\/rolunk\/#primaryimage","url":"https:\/\/bajnokcenter.citynetx.hu\/wp-content\/uploads\/2022\/11\/IMG_9326.jpg","contentUrl":"https:\/\/bajnokcenter.citynetx.hu\/wp-content\/uploads\/2022\/11\/IMG_9326.jpg","width":667,"height":1000},{"@type":"BreadcrumbList","@id":"https:\/\/bajnokcenter.citynetx.hu\/index.php\/rolunk\/#breadcrumb","itemListElement":[{"@type":"ListItem","position":1,"name":"Kezd\u0151lap","item":"https:\/\/bajnokcenter.citynetx.hu\/"},{"@type":"ListItem","position":2,"name":"R\u00f3lunk"}]},{"@type":"WebSite","@id":"https:\/\/bajnokcenter.citynetx.hu\/#website","url":"https:\/\/bajnokcenter.citynetx.hu\/","name":"Bajnok Center Irodah\u00e1z","description":"Bajnok utca 13.","potentialAction":[{"@type":"SearchAction","target":{"@type":"EntryPoint","urlTemplate":"https:\/\/bajnokcenter.citynetx.hu\/?s={search_term_string}"},"query-input":{"@type":"PropertyValueSpecification","valueRequired":true,"valueName":"search_term_string"}}],"inLanguage":"hu"}]}},"_links":{"self":[{"href":"https:\/\/bajnokcenter.citynetx.hu\/index.php\/wp-json\/wp\/v2\/pages\/1148","targetHints":{"allow":["GET"]}}],"collection":[{"href":"https:\/\/bajnokcenter.citynetx.hu\/index.php\/wp-json\/wp\/v2\/pages"}],"about":[{"href":"https:\/\/bajnokcenter.citynetx.hu\/index.php\/wp-json\/wp\/v2\/types\/page"}],"author":[{"embeddable":true,"href":"https:\/\/bajnokcenter.citynetx.hu\/index.php\/wp-json\/wp\/v2\/users\/2"}],"replies":[{"embeddable":true,"href":"https:\/\/bajnokcenter.citynetx.hu\/index.php\/wp-json\/wp\/v2\/comments?post=1148"}],"version-history":[{"count":2,"href":"https:\/\/bajnokcenter.citynetx.hu\/index.php\/wp-json\/wp\/v2\/pages\/1148\/revisions"}],"predecessor-version":[{"id":1151,"href":"https:\/\/bajnokcenter.citynetx.hu\/index.php\/wp-json\/wp\/v2\/pages\/1148\/revisions\/1151"}],"wp:featuredmedia":[{"embeddable":true,"href":"https:\/\/bajnokcenter.citynetx.hu\/index.php\/wp-json\/wp\/v2\/media\/1059"}],"wp:attachment":[{"href":"https:\/\/bajnokcenter.citynetx.hu\/index.php\/wp-json\/wp\/v2\/media?parent=1148"}],"curies":[{"name":"wp","href":"https:\/\/api.w.org\/{rel}","templated":true}]}}